{"id":1253,"date":"2022-01-19T20:13:01","date_gmt":"2022-01-19T20:13:01","guid":{"rendered":"https:\/\/www.alborozoeventos.es\/tienda\/?post_type=product&#038;p=1253"},"modified":"2025-01-29T11:02:42","modified_gmt":"2025-01-29T11:02:42","slug":"velas-romanticas","status":"publish","type":"product","link":"https:\/\/www.alborozoeventos.es\/tienda\/producto\/velas-romanticas\/","title":{"rendered":"Velas rom\u00e1nticas"},"content":{"rendered":"<p>\ud83d\udc98\ud83d\udd6f\ufe0f <strong>ESTE SAN VALENT\u00cdN, ENCIENDE LA PASI\u00d3N EN SANTIAGO DE COMPOSTELA<\/strong> \u2764\ufe0f\u2728<\/p>\n<p>Dicen que el amor se siente\u2026 pero <strong>\u00bfy si tambi\u00e9n pudiera olerse y brillar?<\/strong> \u2728\ud83d\udc96 Nuestras <em>velas de San Valent\u00edn<\/em> est\u00e1n dise\u00f1adas para crear el ambiente perfecto en una noche m\u00e1gica.<\/p>\n<p>\ud83d\udd25 <em>Aromas que enamoran<\/em>: vainilla, rosas y frutos rojos para una velada inolvidable.<br \/>\n\ud83d\udc8c <em>Dise\u00f1os rom\u00e1nticos<\/em>: corazones, mensajes personalizados y detalles \u00fanicos.<br \/>\n\ud83c\udf81 <em>El regalo perfecto<\/em>: elegante, especial y lleno de amor.<\/p>\n<p>\ud83d\ude9a <strong>\u00a1Entrega r\u00e1pida en Santiago de Compostela!<\/strong> No dejes que el amor se apague\u2026 <strong>Reserva la tuya antes de que se agoten.<\/strong><\/p>\n<p>#SanValent\u00ednCompostela #VelasQueEnamoran #RegalosConAmor #SantiagoDeCompostela #IluminaElAmor<\/p>\n","protected":false},"excerpt":{"rendered":"<p>\ud83d\udc98\ud83d\udd6f\ufe0f <strong>ESTE SAN VALENT\u00cdN, ENCIENDE LA PASI\u00d3N EN SANTIAGO DE COMPOSTELA<\/strong> \u2764\ufe0f\u2728<\/p>\n<p>Dicen que el amor se siente\u2026 pero <strong>\u00bfy si tambi\u00e9n pudiera olerse y brillar?<\/strong> \u2728\ud83d\udc96 Nuestras <em>velas de San Valent\u00edn<\/em> est\u00e1n dise\u00f1adas para crear el ambiente perfecto en una noche m\u00e1gica.<\/p>\n<p>\ud83d\udd25 <em>Aromas que enamoran<\/em>: vainilla, rosas y frutos rojos para una velada inolvidable.<br \/>\n\ud83d\udc8c <em>Dise\u00f1os rom\u00e1nticos<\/em>: corazones, mensajes personalizados y detalles \u00fanicos.<br \/>\n\ud83c\udf81 <em>El regalo perfecto<\/em>: elegante, especial y lleno de amor.<\/p>\n<p>\ud83d\ude9a <strong>\u00a1Entrega r\u00e1pida en Santiago de Compostela!<\/strong> No dejes que el amor se apague\u2026 <strong>Reserva la tuya antes de que se agoten.<\/strong><\/p>\n<p>#SanValent\u00ednCompostela #VelasQueEnamoran #RegalosConAmor #SantiagoDeCompostela #IluminaElAmor<\/p>\n","protected":false},"featured_media":1254,"comment_status":"open","ping_status":"closed","template":"","meta":{"site-sidebar-layout":"default","site-content-layout":"","ast-site-content-layout":"default","site-content-style":"default","site-sidebar-style":"default","ast-global-header-display":"","ast-banner-title-visibility":"","ast-main-header-display":"","ast-hfb-above-header-display":"","ast-hfb-below-header-display":"","ast-hfb-mobile-header-display":"","site-post-title":"","ast-breadcrumbs-content":"","ast-featured-img":"","footer-sml-layout":"","ast-disable-related-posts":"","theme-transparent-header-meta":"default","adv-header-id-meta":"","stick-header-meta":"","header-above-stick-meta":"","header-main-stick-meta":"","header-below-stick-meta":"","astra-migrate-meta-layouts":"set","ast-page-background-enabled":"default","ast-page-background-meta":{"desktop":{"background-color":"","background-image":"","background-repeat":"repeat","background-position":"center center","background-size":"auto","background-attachment":"scroll","background-type":"","background-media":"","overlay-type":"","overlay-color":"","overlay-opacity":"","overlay-gradient":""},"tablet":{"background-color":"","background-image":"","background-repeat":"repeat","background-position":"center center","background-size":"auto","background-attachment":"scroll","background-type":"","background-media":"","overlay-type":"","overlay-color":"","overlay-opacity":"","overlay-gradient":""},"mobile":{"background-color":"","background-image":"","background-repeat":"repeat","background-position":"center center","background-size":"auto","background-attachment":"scroll","background-type":"","background-media":"","overlay-type":"","overlay-color":"","overlay-opacity":"","overlay-gradient":""}},"ast-content-background-meta":{"desktop":{"background-color":"var(--ast-global-color-5)","background-image":"","background-repeat":"repeat","background-position":"center center","background-size":"auto","background-attachment":"scroll","background-type":"","background-media":"","overlay-type":"","overlay-color":"","overlay-opacity":"","overlay-gradient":""},"tablet":{"background-color":"var(--ast-global-color-5)","background-image":"","background-repeat":"repeat","background-position":"center center","background-size":"auto","background-attachment":"scroll","background-type":"","background-media":"","overlay-type":"","overlay-color":"","overlay-opacity":"","overlay-gradient":""},"mobile":{"background-color":"var(--ast-global-color-5)","background-image":"","background-repeat":"repeat","background-position":"center center","background-size":"auto","background-attachment":"scroll","background-type":"","background-media":"","overlay-type":"","overlay-color":"","overlay-opacity":"","overlay-gradient":""}}},"product_brand":[],"product_cat":[59,40,123],"product_tag":[],"class_list":{"0":"post-1253","1":"product","2":"type-product","3":"status-publish","4":"has-post-thumbnail","6":"product_cat-packs-de-san-valentin","7":"product_cat-san-valentin","8":"product_cat-velas-san-valentin","9":"desktop-align-left","10":"tablet-align-left","11":"mobile-align-left","13":"first","14":"instock","15":"taxable","16":"shipping-taxable","17":"purchasable","18":"product-type-simple"},"jetpack_sharing_enabled":true,"jetpack_likes_enabled":true,"_links":{"self":[{"href":"https:\/\/www.alborozoeventos.es\/tienda\/wp-json\/wp\/v2\/product\/1253","targetHints":{"allow":["GET"]}}],"collection":[{"href":"https:\/\/www.alborozoeventos.es\/tienda\/wp-json\/wp\/v2\/product"}],"about":[{"href":"https:\/\/www.alborozoeventos.es\/tienda\/wp-json\/wp\/v2\/types\/product"}],"replies":[{"embeddable":true,"href":"https:\/\/www.alborozoeventos.es\/tienda\/wp-json\/wp\/v2\/comments?post=1253"}],"version-history":[{"count":1,"href":"https:\/\/www.alborozoeventos.es\/tienda\/wp-json\/wp\/v2\/product\/1253\/revisions"}],"predecessor-version":[{"id":4941,"href":"https:\/\/www.alborozoeventos.es\/tienda\/wp-json\/wp\/v2\/product\/1253\/revisions\/4941"}],"wp:featuredmedia":[{"embeddable":true,"href":"https:\/\/www.alborozoeventos.es\/tienda\/wp-json\/wp\/v2\/media\/1254"}],"wp:attachment":[{"href":"https:\/\/www.alborozoeventos.es\/tienda\/wp-json\/wp\/v2\/media?parent=1253"}],"wp:term":[{"taxonomy":"product_brand","embeddable":true,"href":"https:\/\/www.alborozoeventos.es\/tienda\/wp-json\/wp\/v2\/product_brand?post=1253"},{"taxonomy":"product_cat","embeddable":true,"href":"https:\/\/www.alborozoeventos.es\/tienda\/wp-json\/wp\/v2\/product_cat?post=1253"},{"taxonomy":"product_tag","embeddable":true,"href":"https:\/\/www.alborozoeventos.es\/tienda\/wp-json\/wp\/v2\/product_tag?post=1253"}],"curies":[{"name":"wp","href":"https:\/\/api.w.org\/{rel}","templated":true}]}}