{"id":1779,"date":"2022-11-16T11:31:29","date_gmt":"2022-11-16T11:31:29","guid":{"rendered":"https:\/\/www.alborozoeventos.es\/tienda\/?post_type=product&#038;p=1779"},"modified":"2025-12-01T10:30:39","modified_gmt":"2025-12-01T10:30:39","slug":"pendientes-navidenos-2","status":"publish","type":"product","link":"https:\/\/www.alborozoeventos.es\/tienda\/producto\/pendientes-navidenos-2\/","title":{"rendered":"Tr\u00edada Ritual de Invierno"},"content":{"rendered":"<p>Esta colecci\u00f3n re\u00fane tres amuletos festivos que celebran el invierno con ternura, juego y memoria.<\/p>\n<p>Cada dise\u00f1o es una peque\u00f1a ofrenda que se cuelga como gesto, deseo o recuerdo. Son joyas que acompa\u00f1an rituales cotidianos, regalos que envuelven emoci\u00f3n y s\u00edmbolos que iluminan el presente.<\/p>\n<ul>\n<li>\ud83e\uddca <em>Copos de Amor<\/em>: charms verdes con copo de nieve blanco y enganche dorado con cristal. Representan la delicadeza \u00fanica de cada v\u00ednculo y la esperanza que brota en lo fr\u00edo.<\/li>\n<li>\ud83e\udde4 <em>Abrazo Invernal<\/em>: guantes verdes con lunares blancos y cordones dorados, colgados de un toque c\u00e1lido en marr\u00f3n. Simbolizan el abrigo emocional, el cuidado mutuo y los gestos tiernos que nos protegen.<\/li>\n<li>\ud83e\udd8c <em>Ronda de Recuerdos<\/em>: cabezas de reno con guantes verdes colgantes, que celebran la alegr\u00eda juguetona, la ternura traviesa y el esp\u00edritu luminoso de las fiestas.<\/li>\n<\/ul>\n","protected":false},"excerpt":{"rendered":"<p>Tres amuletos festivos que celebran el invierno con ternura, juego y memoria: copos de nieve que evocan v\u00ednculos delicados, guantes que abrigan gestos compartidos y renos traviesos que iluminan la alegr\u00eda de las fiestas.<\/p>\n","protected":false},"featured_media":5763,"comment_status":"open","ping_status":"closed","template":"","meta":{"site-sidebar-layout":"default","site-content-layout":"","ast-site-content-layout":"default","site-content-style":"default","site-sidebar-style":"default","ast-global-header-display":"","ast-banner-title-visibility":"","ast-main-header-display":"","ast-hfb-above-header-display":"","ast-hfb-below-header-display":"","ast-hfb-mobile-header-display":"","site-post-title":"","ast-breadcrumbs-content":"","ast-featured-img":"","footer-sml-layout":"","ast-disable-related-posts":"","theme-transparent-header-meta":"default","adv-header-id-meta":"","stick-header-meta":"","header-above-stick-meta":"","header-main-stick-meta":"","header-below-stick-meta":"","astra-migrate-meta-layouts":"set","ast-page-background-enabled":"default","ast-page-background-meta":{"desktop":{"background-color":"","background-image":"","background-repeat":"repeat","background-position":"center center","background-size":"auto","background-attachment":"scroll","background-type":"","background-media":"","overlay-type":"","overlay-color":"","overlay-opacity":"","overlay-gradient":""},"tablet":{"background-color":"","background-image":"","background-repeat":"repeat","background-position":"center center","background-size":"auto","background-attachment":"scroll","background-type":"","background-media":"","overlay-type":"","overlay-color":"","overlay-opacity":"","overlay-gradient":""},"mobile":{"background-color":"","background-image":"","background-repeat":"repeat","background-position":"center center","background-size":"auto","background-attachment":"scroll","background-type":"","background-media":"","overlay-type":"","overlay-color":"","overlay-opacity":"","overlay-gradient":""}},"ast-content-background-meta":{"desktop":{"background-color":"var(--ast-global-color-5)","background-image":"","background-repeat":"repeat","background-position":"center center","background-size":"auto","background-attachment":"scroll","background-type":"","background-media":"","overlay-type":"","overlay-color":"","overlay-opacity":"","overlay-gradient":""},"tablet":{"background-color":"var(--ast-global-color-5)","background-image":"","background-repeat":"repeat","background-position":"center center","background-size":"auto","background-attachment":"scroll","background-type":"","background-media":"","overlay-type":"","overlay-color":"","overlay-opacity":"","overlay-gradient":""},"mobile":{"background-color":"var(--ast-global-color-5)","background-image":"","background-repeat":"repeat","background-position":"center center","background-size":"auto","background-attachment":"scroll","background-type":"","background-media":"","overlay-type":"","overlay-color":"","overlay-opacity":"","overlay-gradient":""}}},"product_brand":[],"product_cat":[103,28,106],"product_tag":[],"class_list":{"0":"post-1779","1":"product","2":"type-product","3":"status-publish","4":"has-post-thumbnail","6":"product_cat-joyas-navidad","7":"product_cat-navidad","8":"product_cat-pendientes-navidenos","9":"desktop-align-left","10":"tablet-align-left","11":"mobile-align-left","13":"first","14":"instock","15":"taxable","16":"shipping-taxable","17":"purchasable","18":"product-type-variable"},"jetpack_sharing_enabled":true,"jetpack_likes_enabled":true,"_links":{"self":[{"href":"https:\/\/www.alborozoeventos.es\/tienda\/wp-json\/wp\/v2\/product\/1779","targetHints":{"allow":["GET"]}}],"collection":[{"href":"https:\/\/www.alborozoeventos.es\/tienda\/wp-json\/wp\/v2\/product"}],"about":[{"href":"https:\/\/www.alborozoeventos.es\/tienda\/wp-json\/wp\/v2\/types\/product"}],"replies":[{"embeddable":true,"href":"https:\/\/www.alborozoeventos.es\/tienda\/wp-json\/wp\/v2\/comments?post=1779"}],"version-history":[{"count":3,"href":"https:\/\/www.alborozoeventos.es\/tienda\/wp-json\/wp\/v2\/product\/1779\/revisions"}],"predecessor-version":[{"id":1794,"href":"https:\/\/www.alborozoeventos.es\/tienda\/wp-json\/wp\/v2\/product\/1779\/revisions\/1794"}],"wp:featuredmedia":[{"embeddable":true,"href":"https:\/\/www.alborozoeventos.es\/tienda\/wp-json\/wp\/v2\/media\/5763"}],"wp:attachment":[{"href":"https:\/\/www.alborozoeventos.es\/tienda\/wp-json\/wp\/v2\/media?parent=1779"}],"wp:term":[{"taxonomy":"product_brand","embeddable":true,"href":"https:\/\/www.alborozoeventos.es\/tienda\/wp-json\/wp\/v2\/product_brand?post=1779"},{"taxonomy":"product_cat","embeddable":true,"href":"https:\/\/www.alborozoeventos.es\/tienda\/wp-json\/wp\/v2\/product_cat?post=1779"},{"taxonomy":"product_tag","embeddable":true,"href":"https:\/\/www.alborozoeventos.es\/tienda\/wp-json\/wp\/v2\/product_tag?post=1779"}],"curies":[{"name":"wp","href":"https:\/\/api.w.org\/{rel}","templated":true}]}}