{"id":5020,"date":"2025-08-05T07:23:26","date_gmt":"2025-08-05T07:23:26","guid":{"rendered":"https:\/\/www.alborozoeventos.es\/tienda\/?post_type=product&#038;p=5020"},"modified":"2025-08-05T07:25:30","modified_gmt":"2025-08-05T07:25:30","slug":"vela-artesanal-fresa-nata-delight","status":"publish","type":"product","link":"https:\/\/www.alborozoeventos.es\/tienda\/producto\/vela-artesanal-fresa-nata-delight\/","title":{"rendered":"Vela Artesanal &#8220;Fresa &#038; Nata Delight&#8221;"},"content":{"rendered":"<p data-start=\"222\" data-end=\"614\">Nuestra vela \u201cFresa &amp; Nata Delight\u201d es puro encanto en forma de postre. Elaborada a mano con cera vegetal, esta vela simula una deliciosa tarta de fresa, con crema rosada, frutas en la cima y un acabado dulce irresistible. Su dise\u00f1o hiperrealista y su aroma suave a frutas rojas hacen de esta pieza una opci\u00f3n ideal para regalar o decorar espacios con un toque divertido, rom\u00e1ntico y \u00fanico.<\/p>\n<p data-start=\"616\" data-end=\"711\">Cada vela es una peque\u00f1a obra de arte que no solo ilumina, sino que tambi\u00e9n decora y sorprende.<\/p>\n","protected":false},"excerpt":{"rendered":"<p>Vela artesanal con forma de tarta de fresas. Hecha a mano con cera vegetal y fragancia dulce y frutal.<\/p>\n","protected":false},"featured_media":5022,"comment_status":"open","ping_status":"closed","template":"","meta":{"site-sidebar-layout":"default","site-content-layout":"","ast-site-content-layout":"default","site-content-style":"default","site-sidebar-style":"default","ast-global-header-display":"","ast-banner-title-visibility":"","ast-main-header-display":"","ast-hfb-above-header-display":"","ast-hfb-below-header-display":"","ast-hfb-mobile-header-display":"","site-post-title":"","ast-breadcrumbs-content":"","ast-featured-img":"","footer-sml-layout":"","ast-disable-related-posts":"","theme-transparent-header-meta":"default","adv-header-id-meta":"","stick-header-meta":"","header-above-stick-meta":"","header-main-stick-meta":"","header-below-stick-meta":"","astra-migrate-meta-layouts":"set","ast-page-background-enabled":"default","ast-page-background-meta":{"desktop":{"background-color":"","background-image":"","background-repeat":"repeat","background-position":"center center","background-size":"auto","background-attachment":"scroll","background-type":"","background-media":"","overlay-type":"","overlay-color":"","overlay-opacity":"","overlay-gradient":""},"tablet":{"background-color":"","background-image":"","background-repeat":"repeat","background-position":"center center","background-size":"auto","background-attachment":"scroll","background-type":"","background-media":"","overlay-type":"","overlay-color":"","overlay-opacity":"","overlay-gradient":""},"mobile":{"background-color":"","background-image":"","background-repeat":"repeat","background-position":"center center","background-size":"auto","background-attachment":"scroll","background-type":"","background-media":"","overlay-type":"","overlay-color":"","overlay-opacity":"","overlay-gradient":""}},"ast-content-background-meta":{"desktop":{"background-color":"var(--ast-global-color-5)","background-image":"","background-repeat":"repeat","background-position":"center center","background-size":"auto","background-attachment":"scroll","background-type":"","background-media":"","overlay-type":"","overlay-color":"","overlay-opacity":"","overlay-gradient":""},"tablet":{"background-color":"var(--ast-global-color-5)","background-image":"","background-repeat":"repeat","background-position":"center center","background-size":"auto","background-attachment":"scroll","background-type":"","background-media":"","overlay-type":"","overlay-color":"","overlay-opacity":"","overlay-gradient":""},"mobile":{"background-color":"var(--ast-global-color-5)","background-image":"","background-repeat":"repeat","background-position":"center center","background-size":"auto","background-attachment":"scroll","background-type":"","background-media":"","overlay-type":"","overlay-color":"","overlay-opacity":"","overlay-gradient":""}}},"product_brand":[],"product_cat":[131],"product_tag":[],"class_list":{"0":"post-5020","1":"product","2":"type-product","3":"status-publish","4":"has-post-thumbnail","6":"product_cat-velas_otros_regalos","7":"desktop-align-left","8":"tablet-align-left","9":"mobile-align-left","11":"first","12":"instock","13":"taxable","14":"shipping-taxable","15":"purchasable","16":"product-type-simple"},"jetpack_sharing_enabled":true,"jetpack_likes_enabled":true,"_links":{"self":[{"href":"https:\/\/www.alborozoeventos.es\/tienda\/wp-json\/wp\/v2\/product\/5020","targetHints":{"allow":["GET"]}}],"collection":[{"href":"https:\/\/www.alborozoeventos.es\/tienda\/wp-json\/wp\/v2\/product"}],"about":[{"href":"https:\/\/www.alborozoeventos.es\/tienda\/wp-json\/wp\/v2\/types\/product"}],"replies":[{"embeddable":true,"href":"https:\/\/www.alborozoeventos.es\/tienda\/wp-json\/wp\/v2\/comments?post=5020"}],"version-history":[{"count":1,"href":"https:\/\/www.alborozoeventos.es\/tienda\/wp-json\/wp\/v2\/product\/5020\/revisions"}],"predecessor-version":[{"id":5023,"href":"https:\/\/www.alborozoeventos.es\/tienda\/wp-json\/wp\/v2\/product\/5020\/revisions\/5023"}],"wp:featuredmedia":[{"embeddable":true,"href":"https:\/\/www.alborozoeventos.es\/tienda\/wp-json\/wp\/v2\/media\/5022"}],"wp:attachment":[{"href":"https:\/\/www.alborozoeventos.es\/tienda\/wp-json\/wp\/v2\/media?parent=5020"}],"wp:term":[{"taxonomy":"product_brand","embeddable":true,"href":"https:\/\/www.alborozoeventos.es\/tienda\/wp-json\/wp\/v2\/product_brand?post=5020"},{"taxonomy":"product_cat","embeddable":true,"href":"https:\/\/www.alborozoeventos.es\/tienda\/wp-json\/wp\/v2\/product_cat?post=5020"},{"taxonomy":"product_tag","embeddable":true,"href":"https:\/\/www.alborozoeventos.es\/tienda\/wp-json\/wp\/v2\/product_tag?post=5020"}],"curies":[{"name":"wp","href":"https:\/\/api.w.org\/{rel}","templated":true}]}}